{"id":27,"date":"2024-07-30T14:14:00","date_gmt":"2024-07-30T14:14:00","guid":{"rendered":"https:\/\/www.fleeasset.org\/?page_id=27"},"modified":"2024-11-08T16:43:57","modified_gmt":"2024-11-08T16:43:57","slug":"site-em-construcao","status":"publish","type":"page","link":"https:\/\/www.fleeasset.org\/pt\/site-em-construcao\/","title":{"rendered":"Site em Constru\u00e7\u00e3o"},"content":{"rendered":"<div data-elementor-type=\"wp-page\" data-elementor-id=\"27\" class=\"elementor elementor-27\" data-elementor-post-type=\"page\">\n\t\t\t\t<div class=\"elementor-element elementor-element-f667329 e-con-full e-flex e-con e-parent\" data-id=\"f667329\" data-element_type=\"container\" data-e-type=\"container\" data-settings=\"{&quot;_ob_use_container_extras&quot;:&quot;no&quot;,&quot;_ob_column_hoveranimator&quot;:&quot;no&quot;,&quot;_ob_glider_is_slider&quot;:&quot;no&quot;,&quot;_ob_column_has_pseudo&quot;:&quot;no&quot;,&quot;ekit_has_onepagescroll_dot&quot;:&quot;yes&quot;}\">\n\t\t\t\t<div class=\"elementor-element elementor-element-d17ef64 elementor--h-position-center elementor--v-position-middle elementor-arrows-position-inside elementor-pagination-position-inside ob-has-background-overlay elementor-widget elementor-widget-slides\" data-id=\"d17ef64\" data-element_type=\"widget\" data-e-type=\"widget\" data-settings=\"{&quot;navigation&quot;:&quot;both&quot;,&quot;autoplay&quot;:&quot;yes&quot;,&quot;pause_on_hover&quot;:&quot;yes&quot;,&quot;pause_on_interaction&quot;:&quot;yes&quot;,&quot;autoplay_speed&quot;:5000,&quot;infinite&quot;:&quot;yes&quot;,&quot;transition&quot;:&quot;slide&quot;,&quot;transition_speed&quot;:500,&quot;_ob_perspektive_use&quot;:&quot;no&quot;,&quot;ekit_we_effect_on&quot;:&quot;none&quot;,&quot;_ob_poopart_use&quot;:&quot;yes&quot;,&quot;_ob_shadough_use&quot;:&quot;no&quot;,&quot;_ob_allow_hoveranimator&quot;:&quot;no&quot;,&quot;_ob_widget_stalker_use&quot;:&quot;no&quot;}\" data-widget_type=\"slides.default\">\n\t\t\t\t<div class=\"elementor-widget-container\">\n\t\t\t\t\t\t\t\t\t<div class=\"elementor-swiper\">\n\t\t\t\t\t<div class=\"elementor-slides-wrapper elementor-main-swiper swiper\" role=\"region\" aria-roledescription=\"carousel\" aria-label=\"Slides\" dir=\"ltr\" data-animation=\"fadeInUp\">\n\t\t\t\t<div class=\"swiper-wrapper elementor-slides\">\n\t\t\t\t\t\t\t\t\t\t<div class=\"elementor-repeater-item-7d22624 swiper-slide\" role=\"group\" aria-roledescription=\"slide\"><div class=\"swiper-slide-bg elementor-ken-burns elementor-ken-burns--in\" role=\"img\" aria-label=\"Img-ComingSoon-1\"><\/div><div class=\"elementor-background-overlay\"><\/div><div class=\"swiper-slide-inner\" ><div class=\"swiper-slide-contents\"><div class=\"elementor-slide-heading\">Site em Constru\u00e7\u00e3o<\/div><div class=\"elementor-slide-description\">Estamos a trabalhar no nosso site. Por favor, seja paciente. Obrigado.<\/div><\/div><\/div><\/div><div class=\"elementor-repeater-item-4fbe0f3 swiper-slide\" role=\"group\" aria-roledescription=\"slide\"><div class=\"swiper-slide-bg elementor-ken-burns elementor-ken-burns--in\" role=\"img\" aria-label=\"Img-ComingSoon-2\"><\/div><div class=\"elementor-background-overlay\"><\/div><div class=\"swiper-slide-inner\" ><div class=\"swiper-slide-contents\"><div class=\"elementor-slide-heading\">Site em Constru\u00e7\u00e3o<\/div><div class=\"elementor-slide-description\">Estamos a trabalhar no nosso site. Por favor, seja paciente. Obrigado.<\/div><\/div><\/div><\/div><div class=\"elementor-repeater-item-b01daaa swiper-slide\" role=\"group\" aria-roledescription=\"slide\"><div class=\"swiper-slide-bg elementor-ken-burns elementor-ken-burns--in\" role=\"img\" aria-label=\"Img-ComingSoon-3\"><\/div><div class=\"elementor-background-overlay\"><\/div><div class=\"swiper-slide-inner\" ><div class=\"swiper-slide-contents\"><div class=\"elementor-slide-heading\">Site em Constru\u00e7\u00e3o<\/div><div class=\"elementor-slide-description\">Estamos a trabalhar no nosso site. Por favor, seja paciente. Obrigado.<\/div><\/div><\/div><\/div><div class=\"elementor-repeater-item-1cde228 swiper-slide\" role=\"group\" aria-roledescription=\"slide\"><div class=\"swiper-slide-bg elementor-ken-burns elementor-ken-burns--in\" role=\"img\" aria-label=\"Img-ComingSoon-4\"><\/div><div class=\"elementor-background-overlay\"><\/div><div class=\"swiper-slide-inner\" ><div class=\"swiper-slide-contents\"><div class=\"elementor-slide-heading\">Site em Constru\u00e7\u00e3o<\/div><div class=\"elementor-slide-description\">Estamos a trabalhar no nosso site. Por favor, seja paciente. Obrigado.<\/div><\/div><\/div><\/div>\t\t\t\t<\/div>\n\t\t\t\t\t\t\t\t\t\t\t\t\t\t\t<div class=\"elementor-swiper-button elementor-swiper-button-prev\" role=\"button\" tabindex=\"0\" aria-label=\"Previous slide\" data-no-translation-aria-label=\"\">\n\t\t\t\t\t\t\t<svg aria-hidden=\"true\" class=\"e-font-icon-svg e-eicon-chevron-left\" viewbox=\"0 0 1000 1000\" xmlns=\"http:\/\/www.w3.org\/2000\/svg\"><path d=\"M646 125C629 125 613 133 604 142L308 442C296 454 292 471 292 487 292 504 296 521 308 533L604 854C617 867 629 875 646 875 663 875 679 871 692 858 704 846 713 829 713 812 713 796 708 779 692 767L438 487 692 225C700 217 708 204 708 187 708 171 704 154 692 142 675 129 663 125 646 125Z\"><\/path><\/svg>\t\t\t\t\t\t<\/div>\n\t\t\t\t\t\t<div class=\"elementor-swiper-button elementor-swiper-button-next\" role=\"button\" tabindex=\"0\" aria-label=\"Next slide\" data-no-translation-aria-label=\"\">\n\t\t\t\t\t\t\t<svg aria-hidden=\"true\" class=\"e-font-icon-svg e-eicon-chevron-right\" viewbox=\"0 0 1000 1000\" xmlns=\"http:\/\/www.w3.org\/2000\/svg\"><path d=\"M696 533C708 521 713 504 713 487 713 471 708 454 696 446L400 146C388 133 375 125 354 125 338 125 325 129 313 142 300 154 292 171 292 187 292 204 296 221 308 233L563 492 304 771C292 783 288 800 288 817 288 833 296 850 308 863 321 871 338 875 354 875 371 875 388 867 400 854L696 533Z\"><\/path><\/svg>\t\t\t\t\t\t<\/div>\n\t\t\t\t\t\t\t\t\t\t\t\t\t\t\t\t<div class=\"swiper-pagination\"><\/div>\n\t\t\t\t\t\t\t\t\t\t\t\t<\/div>\n\t\t\t\t<\/div>\n\t\t\t\t\t\t\t\t<\/div>\n\t\t\t\t<\/div>\n\t\t\t\t<\/div>\n\t\t<div class=\"elementor-element elementor-element-9619e5d e-flex e-con-boxed e-con e-parent\" data-id=\"9619e5d\" data-element_type=\"container\" data-e-type=\"container\" data-settings=\"{&quot;background_background&quot;:&quot;classic&quot;,&quot;_ob_use_container_extras&quot;:&quot;no&quot;,&quot;_ob_column_hoveranimator&quot;:&quot;no&quot;,&quot;_ob_glider_is_slider&quot;:&quot;no&quot;,&quot;_ob_column_has_pseudo&quot;:&quot;no&quot;,&quot;ekit_has_onepagescroll_dot&quot;:&quot;yes&quot;}\">\n\t\t\t\t\t<div class=\"e-con-inner\">\n\t\t\t\t<div class=\"elementor-element elementor-element-e946443 ob-harakiri-inherit ob-has-background-overlay elementor-widget elementor-widget-heading\" data-id=\"e946443\" data-element_type=\"widget\" data-e-type=\"widget\" data-settings=\"{&quot;_ob_use_harakiri&quot;:&quot;yes&quot;,&quot;_ob_harakiri_writing_mode&quot;:&quot;inherit&quot;,&quot;_ob_harakiri_text_clip&quot;:&quot;none&quot;,&quot;_ob_perspektive_use&quot;:&quot;no&quot;,&quot;ekit_we_effect_on&quot;:&quot;none&quot;,&quot;_ob_poopart_use&quot;:&quot;yes&quot;,&quot;_ob_shadough_use&quot;:&quot;no&quot;,&quot;_ob_allow_hoveranimator&quot;:&quot;no&quot;,&quot;_ob_widget_stalker_use&quot;:&quot;no&quot;}\" data-widget_type=\"heading.default\">\n\t\t\t\t<div class=\"elementor-widget-container\">\n\t\t\t\t\t<h2 class=\"elementor-heading-title elementor-size-default\">FLEE ASSET: RESUMO E PARCEIROS<\/h2>\t\t\t\t<\/div>\n\t\t\t\t<\/div>\n\t\t\t\t<div class=\"elementor-element elementor-element-8f6efd4 ob-harakiri-inherit ob-has-background-overlay elementor-widget elementor-widget-heading\" data-id=\"8f6efd4\" data-element_type=\"widget\" data-e-type=\"widget\" data-settings=\"{&quot;_ob_use_harakiri&quot;:&quot;yes&quot;,&quot;_ob_harakiri_writing_mode&quot;:&quot;inherit&quot;,&quot;_ob_harakiri_text_clip&quot;:&quot;none&quot;,&quot;_ob_perspektive_use&quot;:&quot;no&quot;,&quot;ekit_we_effect_on&quot;:&quot;none&quot;,&quot;_ob_poopart_use&quot;:&quot;yes&quot;,&quot;_ob_shadough_use&quot;:&quot;no&quot;,&quot;_ob_allow_hoveranimator&quot;:&quot;no&quot;,&quot;_ob_widget_stalker_use&quot;:&quot;no&quot;}\" data-widget_type=\"heading.default\">\n\t\t\t\t<div class=\"elementor-widget-container\">\n\t\t\t\t\t<h2 class=\"elementor-heading-title elementor-size-default\">RESUMO<\/h2>\t\t\t\t<\/div>\n\t\t\t\t<\/div>\n\t\t\t\t<div class=\"elementor-element elementor-element-a361e88 ob-harakiri-inherit ob-has-background-overlay elementor-widget elementor-widget-text-editor\" data-id=\"a361e88\" data-element_type=\"widget\" data-e-type=\"widget\" data-settings=\"{&quot;_ob_use_harakiri&quot;:&quot;yes&quot;,&quot;_ob_harakiri_writing_mode&quot;:&quot;inherit&quot;,&quot;_ob_postman_use&quot;:&quot;no&quot;,&quot;_ob_perspektive_use&quot;:&quot;no&quot;,&quot;ekit_we_effect_on&quot;:&quot;none&quot;,&quot;_ob_poopart_use&quot;:&quot;yes&quot;,&quot;_ob_shadough_use&quot;:&quot;no&quot;,&quot;_ob_allow_hoveranimator&quot;:&quot;no&quot;,&quot;_ob_widget_stalker_use&quot;:&quot;no&quot;}\" data-widget_type=\"text-editor.default\">\n\t\t\t\t<div class=\"elementor-widget-container\">\n\t\t\t\t\t\t\t\t\t<p>FLEE-ASSET visa fortalecer a capacidade das Institui\u00e7\u00f5es de Ensino Superior (IES) em v\u00e1rios pa\u00edses das regi\u00f5es da Uni\u00e3o Europeia (UE) e da Am\u00e9rica Latina (AL), para desenvolver instrumentos educativos e programas de forma\u00e7\u00e3o, destinados a garantir, no setor agr\u00edcola, trabalho decente na UE - A.<\/p><p>\u00a0<\/p><p>O neg\u00f3cio agroalimentar carece de mecanismos que garantam um n\u00edvel adequado de prote\u00e7\u00e3o aos trabalhadores e aos seus direitos. E os trabalhadores agr\u00edcolas e, em particular, os trabalhadores migrantes neste dom\u00ednio, s\u00e3o v\u00edtimas f\u00e1ceis de abusos, transformando-se, frequentemente, v\u00edtimas de explora\u00e7\u00e3o laboral ou mesmo de trabalho for\u00e7ado.<\/p><p>\u00a0<\/p><p>A proposta est\u00e1 em linha com uma das principais prioridades da Comiss\u00e3o Europeia na promo\u00e7\u00e3o do com\u00e9rcio justo, dos direitos humanos e da coopera\u00e7\u00e3o internacional em mat\u00e9ria de normas laborais. A proposta identifica a dimens\u00e3o educativa e de forma\u00e7\u00e3o de tais objetivos da UE e enquadra-os nas prioridades do programa Erasmus +, criando um cons\u00f3rcio transregional UE-AL composto por 11 IES em 7 pa\u00edses, numa posi\u00e7\u00e3o de lideran\u00e7a para expandir o n\u00famero e as qualifica\u00e7\u00f5es dos profissionais envolvidos na promo\u00e7\u00e3o do trabalho digno e no combate \u00e0 explora\u00e7\u00e3o laboral no sector agr\u00edcola (e, consequentemente, o tr\u00e1fico de seres humanos para esse fim).<\/p><p>\u00a0<\/p><p>Ao faz\u00ea-lo, as IES ter\u00e3o de se adaptar a um novo ambiente colaborativo onde a flexibilidade, a conce\u00e7\u00e3o transnacional, interinstitucional e orientada para o mercado do ensino e da forma\u00e7\u00e3o s\u00e3o necess\u00e1rias. Neste sentido, a forma\u00e7\u00e3o concebida ir\u00e1 combinar de forma inovadora forma\u00e7\u00e3o te\u00f3rica e pr\u00e1tica, basear-se em estudos de caso e esquemas de aprendizagem de resolu\u00e7\u00e3o de problemas, constru\u00edda em torno de diferentes perfis profissionais e fortemente orientada para o formando, e mais relevante, ser\u00e1 co-concebida e co-criada entre as IES e os principais intervenientes no terreno (organiza\u00e7\u00f5es empresariais, mas tamb\u00e9m institui\u00e7\u00f5es p\u00fablicas e sector civil).<\/p>\t\t\t\t\t\t\t\t<\/div>\n\t\t\t\t<\/div>\n\t\t\t\t<div class=\"elementor-element elementor-element-f3d9e1d ob-harakiri-inherit ob-has-background-overlay elementor-widget elementor-widget-heading\" data-id=\"f3d9e1d\" data-element_type=\"widget\" data-e-type=\"widget\" data-settings=\"{&quot;_ob_use_harakiri&quot;:&quot;yes&quot;,&quot;_ob_harakiri_writing_mode&quot;:&quot;inherit&quot;,&quot;_ob_harakiri_text_clip&quot;:&quot;none&quot;,&quot;_ob_perspektive_use&quot;:&quot;no&quot;,&quot;ekit_we_effect_on&quot;:&quot;none&quot;,&quot;_ob_poopart_use&quot;:&quot;yes&quot;,&quot;_ob_shadough_use&quot;:&quot;no&quot;,&quot;_ob_allow_hoveranimator&quot;:&quot;no&quot;,&quot;_ob_widget_stalker_use&quot;:&quot;no&quot;}\" data-widget_type=\"heading.default\">\n\t\t\t\t<div class=\"elementor-widget-container\">\n\t\t\t\t\t<h2 class=\"elementor-heading-title elementor-size-default\">PARCEIROS<\/h2>\t\t\t\t<\/div>\n\t\t\t\t<\/div>\n\t\t\t\t<div class=\"elementor-element elementor-element-afa28ae ob-harakiri-inherit ob-has-background-overlay elementor-widget elementor-widget-text-editor\" data-id=\"afa28ae\" data-element_type=\"widget\" data-e-type=\"widget\" data-settings=\"{&quot;_ob_use_harakiri&quot;:&quot;yes&quot;,&quot;_ob_harakiri_writing_mode&quot;:&quot;inherit&quot;,&quot;_ob_postman_use&quot;:&quot;no&quot;,&quot;_ob_perspektive_use&quot;:&quot;no&quot;,&quot;ekit_we_effect_on&quot;:&quot;none&quot;,&quot;_ob_poopart_use&quot;:&quot;yes&quot;,&quot;_ob_shadough_use&quot;:&quot;no&quot;,&quot;_ob_allow_hoveranimator&quot;:&quot;no&quot;,&quot;_ob_widget_stalker_use&quot;:&quot;no&quot;}\" data-widget_type=\"text-editor.default\">\n\t\t\t\t<div class=\"elementor-widget-container\">\n\t\t\t\t\t\t\t\t\t<ol><li>UNIVERSITAT DE BARCELONA \u2013 Espanha \u2013 Coordenadora<\/li><li>UNIVERSITA DEGLI STUDI DI FIRENZE \u2013 It\u00e1lia - Parceiro<\/li><li>UNIVERSIDADE DO MINHO \u2013 Portugal \u2013 Parceiro<\/li><li>Universidad de la Rep\u00fablica Oriental del Uruguay \u2013 Uruguay \u2013 Parceiro<\/li><li>UNIVERSIDAD IBEROAMERICANA \u2013 Paraguay \u2013 Parceiro<\/li><li>UNIVERSIDAD NACIONAL DE ITAPUA \u2013 Paraguay  \u2013 Parceiro<\/li><li>Sociedade de Ensino Superior de Vit\u00f3ria \u2013 Brasil \u2013 Parceiro<\/li><li>ASSOCIACAO ANTONIO VIEIRA \u2013 Brasil \u2013 Parceiro<\/li><li>INSTITUTO PREBISTERIANO MACKENZIE \u2013 Brasil \u2013 Parceiro<\/li><li>UNIVERSIDAD NACIONAL DE R\u00cdO NEGRO \u2013 Argentina \u2013 Parceiro<\/li><li>UNIVERSIDAD NACIONAL DEL SUR \u2013 Argentina \u2013 Parceiro<\/li><\/ol>\t\t\t\t\t\t\t\t<\/div>\n\t\t\t\t<\/div>\n\t\t\t\t\t<\/div>\n\t\t\t\t<\/div>\n\t\t\t\t<\/div>","protected":false},"excerpt":{"rendered":"<p>Sitio web en Construcci\u00f3nEstamos trabajando en nuestro sitio web. Por favor tenga paciencia. Gracias.Sitio web en Construcci\u00f3nEstamos trabajando en nuestro sitio web. Por favor tenga paciencia. Gracias.Sitio web en Construcci\u00f3nEstamos trabajando en nuestro sitio web. Por favor tenga paciencia. Gracias.Sitio web en Construcci\u00f3nEstamos trabajando en nuestro sitio web. Por favor tenga paciencia. Gracias. Previous slide [&hellip;]<\/p>\n","protected":false},"author":1,"featured_media":0,"parent":0,"menu_order":0,"comment_status":"closed","ping_status":"closed","template":"elementor_header_footer","meta":{"footnotes":""},"class_list":["post-27","page","type-page","status-publish","hentry"],"aioseo_notices":[],"jetpack_sharing_enabled":true,"_links":{"self":[{"href":"https:\/\/www.fleeasset.org\/pt\/wp-json\/wp\/v2\/pages\/27","targetHints":{"allow":["GET"]}}],"collection":[{"href":"https:\/\/www.fleeasset.org\/pt\/wp-json\/wp\/v2\/pages"}],"about":[{"href":"https:\/\/www.fleeasset.org\/pt\/wp-json\/wp\/v2\/types\/page"}],"author":[{"embeddable":true,"href":"https:\/\/www.fleeasset.org\/pt\/wp-json\/wp\/v2\/users\/1"}],"replies":[{"embeddable":true,"href":"https:\/\/www.fleeasset.org\/pt\/wp-json\/wp\/v2\/comments?post=27"}],"version-history":[{"count":26,"href":"https:\/\/www.fleeasset.org\/pt\/wp-json\/wp\/v2\/pages\/27\/revisions"}],"predecessor-version":[{"id":299,"href":"https:\/\/www.fleeasset.org\/pt\/wp-json\/wp\/v2\/pages\/27\/revisions\/299"}],"wp:attachment":[{"href":"https:\/\/www.fleeasset.org\/pt\/wp-json\/wp\/v2\/media?parent=27"}],"curies":[{"name":"wp","href":"https:\/\/api.w.org\/{rel}","templated":true}]}}